{"id":5912,"date":"2025-05-14T06:19:19","date_gmt":"2025-05-14T06:19:19","guid":{"rendered":"https:\/\/dn-agrar.eu\/?page_id=5912"},"modified":"2025-05-25T21:05:46","modified_gmt":"2025-05-25T21:05:46","slug":"structura-entitatilor-corporative","status":"publish","type":"page","link":"https:\/\/dn-agrar.eu\/ro\/investitori\/esg\/guvernanta-corporativa\/structura-entitatilor-corporative\/","title":{"rendered":"Structura Entit\u0103\u021bilor Corporative"},"content":{"rendered":"\t\t<div data-elementor-type=\"wp-page\" data-elementor-id=\"5912\" class=\"elementor elementor-5912 elementor-2993\" data-elementor-post-type=\"page\">\n\t\t\t\t<div class=\"elementor-element elementor-element-8902841 e-flex e-con-boxed e-con e-parent\" data-id=\"8902841\" data-element_type=\"container\" data-e-type=\"container\">\n\t\t\t\t\t<div class=\"e-con-inner\">\n\t\t\t\t<div class=\"elementor-element elementor-element-0d53b06 elementor-widget elementor-widget-text-editor\" data-id=\"0d53b06\" data-element_type=\"widget\" data-e-type=\"widget\" data-widget_type=\"text-editor.default\">\n\t\t\t\t<div class=\"elementor-widget-container\">\n\t\t\t\t\t\t\t\t\t<p><strong><span id=\"page3R_mcid22\" class=\"markedContent\">Structura entit\u0103\u021bilor corporative ale DN AGRAR GROUP este urm\u0103toarea:<\/span><\/strong><\/p><p><span id=\"page3R_mcid23\" class=\"markedContent\">\u2022 Adunarea General\u0103 a Ac\u021bionarilor \u2013 forumul decizional cel mai \u00eenalt al Companiei<br role=\"presentation\" \/><\/span><span id=\"page3R_mcid24\" class=\"markedContent\">\u2022 Consiliul de Administra\u021bie<br role=\"presentation\" \/><\/span><span id=\"page3R_mcid26\" class=\"markedContent\">\u2022 Echipa de Management<\/span><\/p><p>Compania este condus\u0103 de un Consiliu de Administra\u021bie format din 5 membri ale\u0219i de Adunarea General\u0103 Ordinar\u0103 a Ac\u021bionarilor, pentru un mandat de 4 ani.<\/p><p><strong>Jan Gijsbertus de Boer<\/strong>, <strong>Marijke Geerts de Boer<\/strong> \u0219i <strong>Hilbertus Peter de Boer<\/strong> au fost ale\u0219i \u00een AGOA \u00eencep\u00e2nd cu data de <strong>01.07.2021<\/strong>, iar <strong>\u0218erban Gheorghe-Sorin<\/strong> \u0219i <strong>Bin\u021bin\u021ban Cristian Dan<\/strong> au fost ale\u0219i \u00een AGOA \u00eencep\u00e2nd cu data de <strong>10.11.2021<\/strong>, pentru un mandat egal cu perioada de mandat a celorlal\u021bi administratori ale\u0219i anterior, respectiv p\u00e2n\u0103 la data de <strong>01.07.2025<\/strong>.<\/p>\t\t\t\t\t\t\t\t<\/div>\n\t\t\t\t<\/div>\n\t\t\t\t<div class=\"elementor-element elementor-element-0a2a094 elementor-widget elementor-widget-heading\" data-id=\"0a2a094\" data-element_type=\"widget\" data-e-type=\"widget\" data-widget_type=\"heading.default\">\n\t\t\t\t<div class=\"elementor-widget-container\">\n\t\t\t\t\t<h3 class=\"elementor-heading-title elementor-size-default\">Astfel, Consiliul de Administra\u021bie este format din:<\/h3>\t\t\t\t<\/div>\n\t\t\t\t<\/div>\n\t\t\t\t<div class=\"elementor-element elementor-element-bfa1091 elementor-widget elementor-widget-shortcode\" data-id=\"bfa1091\" data-element_type=\"widget\" data-e-type=\"widget\" data-widget_type=\"shortcode.default\">\n\t\t\t\t<div class=\"elementor-widget-container\">\n\t\t\t\t\t\t\t<div class=\"elementor-shortcode\">        <div class=\"board-members-list board-members-list-team_69e4ac61e2f04\">\n                        <div class=\"board-member-item\" data-modal-id=\"team_69e4ac61e2f04_0\">\n                <div class=\"board-member-info\">\n                    <div class=\"board-member-name\">Jan Gijsbertus de Boer<\/div>\n                    <div class=\"board-member-title\">Pre\u0219edintele Consiliului de Administra\u021bie<\/div>\n                                            <div class=\"board-member-date\">\n                            <strong>Data de numire:<\/strong> 01\/07\/2021                        <\/div>\n                                    <\/div>\n            <\/div>\n            <!-- Modal -->\n            <div class=\"team-member-modal\" id=\"modal-team_69e4ac61e2f04_0\">\n                <div class=\"team-member-modal-content\">\n                    <span class=\"team-member-modal-close\">&times;<\/span>\n                    <div class=\"team-member-modal-flex\">\n                                                    <img decoding=\"async\" src=\"https:\/\/dn-agrar.eu\/wp-content\/uploads\/2025\/05\/JanGDeBoer.jpg\" alt=\"Jan Gijsbertus de Boer\" class=\"team-member-modal-photo\" \/>\n                                                <div class=\"team-member-modal-details\">\n                            <div class=\"team-member-modal-name\">Jan Gijsbertus de Boer<\/div>\n                            <div class=\"team-member-modal-title\">Pre\u0219edintele Consiliului de Administra\u021bie<\/div>\n                                                            <div class=\"team-member-modal-date\">\n                                    <strong>Data de numire:<\/strong> 01\/07\/2021                                <\/div>\n                                                        <div class=\"team-member-modal-desc\"><div>\n<div>Jan Gijsbertus de Boer este liderul vizionar \u0219i Pre\u0219edintele Consiliului de Administra\u021bie, aduc\u00e2nd \u00een companie peste dou\u0103 decenii de expertiz\u0103 vast\u0103 \u00een domeniul agro-business-ului. Absolvent al Institutului Superior de Agricultur\u0103 din Groningen \u0219i fondator al DN AGRAR, viziunea sa strategic\u0103 a fost esen\u021bial\u0103 \u00een transformarea peisajului agricol din Rom\u00e2nia.<\/div>\n<div><\/div>\n<div>\u00cen 2008 a sosit \u00een Rom\u00e2nia, dup\u0103 ce a administrat ferme \u00een Olanda \u0219i Germania, iar experien\u021ba sa vast\u0103 a fost valorificat\u0103 cu succes pentru a dezvolta o afacere agricol\u0103 prosper\u0103, \u00een special \u00een sectorul lactatelor. Sprijinul s\u0103u tactic a fost crucial pentru dezvoltarea pie\u021bei companiei. Sub conducerea sa, DN AGRAR \u00ee\u0219i continu\u0103 traiectoria ascendent\u0103, av\u00e2nd un rol important \u0219i aduc\u00e2nd contribu\u021bii substan\u021biale la dezvoltarea agriculturii rom\u00e2ne\u0219ti.<\/div>\n<div><\/div>\n<div>\u00cen calitate de Pre\u0219edinte al Consiliului de Administra\u021bie, angajamentul lui Jan dep\u0103\u0219e\u0219te cre\u0219terea afacerii, pun\u00e2nd accent pe o filozofie investi\u021bional\u0103 pe termen lung, bazat\u0103 pe crearea de valoare local\u0103. Viziunea sa, exprimat\u0103 prin declara\u021bia: \u201eInvestim pentru c\u0103 vrem s\u0103 r\u0103m\u00e2nem aici, s\u0103 vindem aici, s\u0103 c\u00e2\u0219tig\u0103m \u00eempreun\u0103: DN AGRAR \u0219i Rom\u00e2nia.\u201d, subliniaz\u0103 devotamentul s\u0103u fa\u021b\u0103 de sectorul agricol rom\u00e2nesc.<\/div>\n<\/div>\n<\/div>\n                        <\/div>\n                    <\/div>\n                <\/div>\n            <\/div>\n                        <div class=\"board-member-item\" data-modal-id=\"team_69e4ac61e2f04_1\">\n                <div class=\"board-member-info\">\n                    <div class=\"board-member-name\">Marijke Geerts de Boer<\/div>\n                    <div class=\"board-member-title\">Membru al Consiliului de Administra\u021bie<\/div>\n                                            <div class=\"board-member-date\">\n                            <strong>Data de numire:<\/strong> 01\/07\/2021                        <\/div>\n                                    <\/div>\n            <\/div>\n            <!-- Modal -->\n            <div class=\"team-member-modal\" id=\"modal-team_69e4ac61e2f04_1\">\n                <div class=\"team-member-modal-content\">\n                    <span class=\"team-member-modal-close\">&times;<\/span>\n                    <div class=\"team-member-modal-flex\">\n                                                <div class=\"team-member-modal-details\">\n                            <div class=\"team-member-modal-name\">Marijke Geerts de Boer<\/div>\n                            <div class=\"team-member-modal-title\">Membru al Consiliului de Administra\u021bie<\/div>\n                                                            <div class=\"team-member-modal-date\">\n                                    <strong>Data de numire:<\/strong> 01\/07\/2021                                <\/div>\n                                                        <div class=\"team-member-modal-desc\"><p>Doamna Marijke Geerts de Boer de\u021bine \u00een prezent urm\u0103toarele pozi\u021bii:<\/p>\n<p>\u2013 Manager General la Beheermaatschappij De Boer B.V.<\/p>\n<p>\u2013 Manager Financiar la ELKI-GROUP Germania<\/p>\n<p>\u2013 Manager PR la ELKI-GROUP Germania<\/p>\n<\/div>\n                        <\/div>\n                    <\/div>\n                <\/div>\n            <\/div>\n                        <div class=\"board-member-item\" data-modal-id=\"team_69e4ac61e2f04_2\">\n                <div class=\"board-member-info\">\n                    <div class=\"board-member-name\">Hilbertus Peter De Boer<\/div>\n                    <div class=\"board-member-title\">Membru al Consiliului de Administra\u021bie<\/div>\n                                            <div class=\"board-member-date\">\n                            <strong>Data de numire:<\/strong> 01\/07\/2021                        <\/div>\n                                    <\/div>\n            <\/div>\n            <!-- Modal -->\n            <div class=\"team-member-modal\" id=\"modal-team_69e4ac61e2f04_2\">\n                <div class=\"team-member-modal-content\">\n                    <span class=\"team-member-modal-close\">&times;<\/span>\n                    <div class=\"team-member-modal-flex\">\n                                                    <img decoding=\"async\" src=\"https:\/\/dn-agrar.eu\/wp-content\/uploads\/2025\/05\/PeterDeBoer.jpg\" alt=\"Hilbertus Peter De Boer\" class=\"team-member-modal-photo\" \/>\n                                                <div class=\"team-member-modal-details\">\n                            <div class=\"team-member-modal-name\">Hilbertus Peter De Boer<\/div>\n                            <div class=\"team-member-modal-title\">Membru al Consiliului de Administra\u021bie<\/div>\n                                                            <div class=\"team-member-modal-date\">\n                                    <strong>Data de numire:<\/strong> 01\/07\/2021                                <\/div>\n                                                        <div class=\"team-member-modal-desc\"><div>\n<div><strong>Peter de Boer, Directorul General (CEO) al DN AGRAR<\/strong> (<em>\u00eencepand cu 1 Iunie 2025<\/em>), a absolvit Facultatea de Drept \u0219i Administrarea Afacerilor din cadrul Universit\u0103\u021bii Leiden, Olanda, \u0219i \u0219i-a completat studiile prin specializarea \u00een evaluare financiar\u0103 la CFI Corporate Financial Institute.<\/div>\n<div><\/div>\n<div>De la al\u0103turarea sa echipei DN AGRAR \u00een 2019, Peter a jucat un rol esen\u021bial \u00een calitate de Director de Strategie \u0219i Rela\u021bii cu Investitorii \u00een cadrul companiei. Atribu\u021biile sale au fost decisive \u00een dezvoltarea \u0219i strategia de cre\u0219tere a companiei, demonstr\u00e2nd o aptitudine remarcabil\u0103 \u00een orientarea strategic\u0103 a acesteia \u0219i \u00een consolidarea rela\u021biilor solide cu investitorii. Este responsabil pentru listarea DN AGRAR pe Pia\u021ba de Capital a Bursei de Valori Bucure\u0219ti \u00een 2022, conduc\u00e2nd transformarea companiei \u00eentr-un lider al produc\u021biei de lapte de vac\u0103 din Rom\u00e2nia \u0219i \u00eentr-o for\u021b\u0103 important\u0103 \u00een sectorul lactatelor la nivel european.<\/div>\n<div><\/div>\n<div>Mai mult, rolul lui Peter este esen\u021bial \u00een cultivarea \u0219i men\u021binerea transparen\u021bei, coeren\u021bei \u0219i unei comunic\u0103ri eficiente cu investitorii, asigur\u00e2nd strategic competitivitatea DN AGRAR at\u00e2t pe pia\u021ba rom\u00e2neasc\u0103, c\u00e2t \u0219i pe cea european\u0103 \u2014 un parcurs pe care l-a descris ca fiind \u201econstruirea unui pod \u00eentre perspective interna\u021bionale \u0219i oportunit\u0103\u021bi locale\u201d.<\/div>\n<div><\/div>\n<div>Viziunea \u0219i ac\u021biunile sale au avut un impact profund \u0219i transformator asupra evolu\u021biei DN AGRAR, cu un accent puternic pe viitor. <strong>Mai mult dec\u00e2t un Director, Peter este un motor strategic \u0219i un arhitect-cheie al succesului DN AGRAR.<\/strong><\/div>\n<\/div>\n<\/div>\n                        <\/div>\n                    <\/div>\n                <\/div>\n            <\/div>\n                        <div class=\"board-member-item\" data-modal-id=\"team_69e4ac61e2f04_3\">\n                <div class=\"board-member-info\">\n                    <div class=\"board-member-name\">\u0218erban Gheorghe-Sorin<\/div>\n                    <div class=\"board-member-title\">Membru al Consiliului de Administra\u021bie<\/div>\n                                            <div class=\"board-member-date\">\n                            <strong>Data de numire:<\/strong> 10\/11\/2021                        <\/div>\n                                    <\/div>\n            <\/div>\n            <!-- Modal -->\n            <div class=\"team-member-modal\" id=\"modal-team_69e4ac61e2f04_3\">\n                <div class=\"team-member-modal-content\">\n                    <span class=\"team-member-modal-close\">&times;<\/span>\n                    <div class=\"team-member-modal-flex\">\n                                                    <img decoding=\"async\" src=\"https:\/\/dn-agrar.eu\/wp-content\/uploads\/2025\/05\/Serban-Gheorghe-Sorin.jpg\" alt=\"\u0218erban Gheorghe-Sorin\" class=\"team-member-modal-photo\" \/>\n                                                <div class=\"team-member-modal-details\">\n                            <div class=\"team-member-modal-name\">\u0218erban Gheorghe-Sorin<\/div>\n                            <div class=\"team-member-modal-title\">Membru al Consiliului de Administra\u021bie<\/div>\n                                                            <div class=\"team-member-modal-date\">\n                                    <strong>Data de numire:<\/strong> 10\/11\/2021                                <\/div>\n                                                        <div class=\"team-member-modal-desc\"><p data-start=\"0\" data-end=\"169\">\u00cen 1995 a absolvit Universitatea Tehnic\u0103 din Cluj-Napoca, ob\u021bin\u00e2nd calificarea de Inginer.<br data-start=\"90\" data-end=\"93\" \/>\u00cen 1997 a ob\u021binut calificarea de Agent \u00een Servicii de Investi\u021bii Financiare.<\/p>\n<p data-start=\"171\" data-end=\"515\" data-is-last-node=\"\" data-is-only-node=\"\">Experien\u021b\u0103 profesional\u0103:<br data-start=\"195\" data-end=\"198\" \/>\u0218i-a \u00eenceput activitatea profesional\u0103 \u00een 1995 ca Agent de V\u00e2nz\u0103ri, ulterior ocup\u00e2nd pozi\u021bii precum Manager de Marketing, Broker \u00een Servicii Financiare, Agent de Asigur\u0103ri, Manager de Unitate \u00eentr-o banc\u0103 important\u0103, iar din 2008 de\u021bine func\u021bia de Manager Executiv \u00een cadrul companiei Business Broker de Asigurare SRL.<\/p>\n<\/div>\n                        <\/div>\n                    <\/div>\n                <\/div>\n            <\/div>\n                        <div class=\"board-member-item\" data-modal-id=\"team_69e4ac61e2f04_4\">\n                <div class=\"board-member-info\">\n                    <div class=\"board-member-name\">Bin\u021bin\u021ban Cristian Dan<\/div>\n                    <div class=\"board-member-title\">Membru al Consiliului de Administra\u021bie<\/div>\n                                            <div class=\"board-member-date\">\n                            <strong>Data de numire:<\/strong> 10\/11\/2021                        <\/div>\n                                    <\/div>\n            <\/div>\n            <!-- Modal -->\n            <div class=\"team-member-modal\" id=\"modal-team_69e4ac61e2f04_4\">\n                <div class=\"team-member-modal-content\">\n                    <span class=\"team-member-modal-close\">&times;<\/span>\n                    <div class=\"team-member-modal-flex\">\n                                                    <img decoding=\"async\" src=\"https:\/\/dn-agrar.eu\/wp-content\/uploads\/2025\/05\/cristian-dan.jpg\" alt=\"Bin\u021bin\u021ban Cristian Dan\" class=\"team-member-modal-photo\" \/>\n                                                <div class=\"team-member-modal-details\">\n                            <div class=\"team-member-modal-name\">Bin\u021bin\u021ban Cristian Dan<\/div>\n                            <div class=\"team-member-modal-title\">Membru al Consiliului de Administra\u021bie<\/div>\n                                                            <div class=\"team-member-modal-date\">\n                                    <strong>Data de numire:<\/strong> 10\/11\/2021                                <\/div>\n                                                        <div class=\"team-member-modal-desc\"><p data-start=\"0\" data-end=\"122\">Bin\u021bin\u021ban Cristian Dan a absolvit Universitatea Tehnic\u0103 din Cluj-Napoca \u00een 1996, Facultatea de Automatic\u0103 \u0219i Calculatoare.<\/p>\n<p data-start=\"124\" data-end=\"302\" data-is-last-node=\"\" data-is-only-node=\"\">Experien\u021b\u0103 profesional\u0103:<br data-start=\"148\" data-end=\"151\" \/>\u0218i-a \u00eenceput activitatea profesional\u0103 \u00een 1996 ca Inginer Sisteme IT, iar din 1999 de\u021bine func\u021bia de Director Executiv \u00een cadrul companiei INFOGRUP SRL.<\/p>\n<\/div>\n                        <\/div>\n                    <\/div>\n                <\/div>\n            <\/div>\n                    <\/div>\n            <script>\n    document.addEventListener('DOMContentLoaded', function() {\n        var container = document.querySelector('.board-members-list-team_69e4ac61e2f04');\n        var items = container.querySelectorAll('.board-member-item');\n        \n        items.forEach(function(item) {\n            item.addEventListener('click', function() {\n                var modalId = item.getAttribute('data-modal-id');\n                var modal = document.getElementById('modal-' + modalId);\n                if (modal) {\n                    modal.style.display = 'flex';\n                }\n            });\n        });\n\n        var modals = document.querySelectorAll('.team-member-modal');\n        modals.forEach(function(modal) {\n            modal.querySelector('.team-member-modal-close').addEventListener('click', function() {\n                modal.style.display = 'none';\n            });\n            modal.addEventListener('click', function(e) {\n                if (e.target === modal) {\n                    modal.style.display = 'none';\n                }\n            });\n        });\n    });\n    <\/script>\n    <\/div>\n\t\t\t\t\t\t<\/div>\n\t\t\t\t<\/div>\n\t\t\t\t<div class=\"elementor-element elementor-element-d2ab688 elementor-widget elementor-widget-text-editor\" data-id=\"d2ab688\" data-element_type=\"widget\" data-e-type=\"widget\" data-widget_type=\"text-editor.default\">\n\t\t\t\t<div class=\"elementor-widget-container\">\n\t\t\t\t\t\t\t\t\t<div class=\"elementor-element elementor-element-a627a07 elementor-widget elementor-widget-text-editor\" data-id=\"a627a07\" data-element_type=\"widget\" data-widget_type=\"text-editor.default\"><div class=\"elementor-widget-container\"><div class=\"elementor-element elementor-element-a627a07 elementor-widget elementor-widget-text-editor\" data-id=\"a627a07\" data-element_type=\"widget\" data-widget_type=\"text-editor.default\"><div class=\"elementor-widget-container\"><p><em><span id=\"page3R_mcid35\" class=\"markedContent\"><span dir=\"ltr\" role=\"presentation\">\u00cen prezent,<\/span> <span dir=\"ltr\" role=\"presentation\">2<\/span> <span dir=\"ltr\" role=\"presentation\">din<\/span> <span dir=\"ltr\" role=\"presentation\">de pe<\/span> <span dir=\"ltr\" role=\"presentation\">5<\/span> <span dir=\"ltr\" role=\"presentation\">membri<\/span> <span dir=\"ltr\" role=\"presentation\">din<\/span> <span dir=\"ltr\" role=\"presentation\">de pe<\/span> <span dir=\"ltr\" role=\"presentation\">Consiliului de administra\u021bie<\/span> <span dir=\"ltr\" role=\"presentation\">de pe<\/span> <span dir=\"ltr\" role=\"presentation\">de administra\u021bie<\/span> <span dir=\"ltr\" role=\"presentation\">sunt<\/span> <span dir=\"ltr\" role=\"presentation\">independen\u021bi.<\/span><\/span><\/em><\/p><\/div><\/div><\/div><\/div>\t\t\t\t\t\t\t\t<\/div>\n\t\t\t\t<\/div>\n\t\t\t\t\t<\/div>\n\t\t\t\t<\/div>\n\t\t\t\t<\/div>\n\t\t","protected":false},"excerpt":{"rendered":"<p>Structura entit\u0103\u021bilor corporative ale DN AGRAR GROUP este urm\u0103toarea: \u2022 Adunarea General\u0103 a Ac\u021bionarilor \u2013 forumul decizional cel mai \u00eenalt al Companiei\u2022 Consiliul de Administra\u021bie\u2022 Echipa de Management Compania este condus\u0103 de un Consiliu de Administra\u021bie format din 5 membri ale\u0219i de Adunarea General\u0103 Ordinar\u0103 a Ac\u021bionarilor, pentru un mandat de 4 ani. Jan Gijsbertus [&hellip;]<\/p>\n","protected":false},"author":1,"featured_media":441,"parent":5395,"menu_order":0,"comment_status":"closed","ping_status":"closed","template":"","meta":{"_acf_changed":false,"footnotes":""},"tags":[],"class_list":["post-5912","page","type-page","status-publish","has-post-thumbnail","hentry"],"acf":[],"_links":{"self":[{"href":"https:\/\/dn-agrar.eu\/ro\/wp-json\/wp\/v2\/pages\/5912","targetHints":{"allow":["GET"]}}],"collection":[{"href":"https:\/\/dn-agrar.eu\/ro\/wp-json\/wp\/v2\/pages"}],"about":[{"href":"https:\/\/dn-agrar.eu\/ro\/wp-json\/wp\/v2\/types\/page"}],"author":[{"embeddable":true,"href":"https:\/\/dn-agrar.eu\/ro\/wp-json\/wp\/v2\/users\/1"}],"replies":[{"embeddable":true,"href":"https:\/\/dn-agrar.eu\/ro\/wp-json\/wp\/v2\/comments?post=5912"}],"version-history":[{"count":4,"href":"https:\/\/dn-agrar.eu\/ro\/wp-json\/wp\/v2\/pages\/5912\/revisions"}],"predecessor-version":[{"id":5924,"href":"https:\/\/dn-agrar.eu\/ro\/wp-json\/wp\/v2\/pages\/5912\/revisions\/5924"}],"up":[{"embeddable":true,"href":"https:\/\/dn-agrar.eu\/ro\/wp-json\/wp\/v2\/pages\/5395"}],"wp:featuredmedia":[{"embeddable":true,"href":"https:\/\/dn-agrar.eu\/ro\/wp-json\/wp\/v2\/media\/441"}],"wp:attachment":[{"href":"https:\/\/dn-agrar.eu\/ro\/wp-json\/wp\/v2\/media?parent=5912"}],"wp:term":[{"taxonomy":"post_tag","embeddable":true,"href":"https:\/\/dn-agrar.eu\/ro\/wp-json\/wp\/v2\/tags?post=5912"}],"curies":[{"name":"wp","href":"https:\/\/api.w.org\/{rel}","templated":true}]}}