{"id":5141,"date":"2025-04-10T11:18:54","date_gmt":"2025-04-10T08:18:54","guid":{"rendered":"https:\/\/dn-agrar.eu\/?page_id=5141"},"modified":"2026-03-26T10:52:23","modified_gmt":"2026-03-26T08:52:23","slug":"adunarea-generala-a-actionarilor","status":"publish","type":"page","link":"https:\/\/dn-agrar.eu\/ro\/investitori\/adunarea-generala-a-actionarilor\/","title":{"rendered":"Adunarea general\u0103 a ac\u0163ionarilor"},"content":{"rendered":"\t\t<div data-elementor-type=\"wp-page\" data-elementor-id=\"5141\" class=\"elementor elementor-5141 elementor-2343\" data-elementor-post-type=\"page\">\n\t\t\t\t<div class=\"elementor-element elementor-element-a2f002e e-flex e-con-boxed e-con e-parent\" data-id=\"a2f002e\" data-element_type=\"container\" data-e-type=\"container\">\n\t\t\t\t\t<div class=\"e-con-inner\">\n\t\t\t\t<div class=\"elementor-element elementor-element-ad8e1c8 elementor-widget elementor-widget-shortcode\" data-id=\"ad8e1c8\" data-element_type=\"widget\" data-e-type=\"widget\" data-widget_type=\"shortcode.default\">\n\t\t\t\t<div class=\"elementor-widget-container\">\n\t\t\t\t\t\t\t<div class=\"elementor-shortcode\"><div class=\"financial-reports-filters\"><a class=\"filter-btn y_2026 filter-btn-active\" href=\"https:\/\/dn-agrar.eu\/ro\/investitori\/adunarea-generala-a-actionarilor\/?y=2026#content\">2026<\/a><a class=\"filter-btn y_2025\" href=\"https:\/\/dn-agrar.eu\/ro\/investitori\/adunarea-generala-a-actionarilor\/?y=2025#content\">2025<\/a><a class=\"filter-btn y_2024\" href=\"https:\/\/dn-agrar.eu\/ro\/investitori\/adunarea-generala-a-actionarilor\/?y=2024#content\">2024<\/a><a class=\"filter-btn y_2023\" href=\"https:\/\/dn-agrar.eu\/ro\/investitori\/adunarea-generala-a-actionarilor\/?y=2023#content\">2023<\/a><a class=\"filter-btn y_2022\" href=\"https:\/\/dn-agrar.eu\/ro\/investitori\/adunarea-generala-a-actionarilor\/?y=2022#content\">2022<\/a><a class=\"filter-btn y_2021\" href=\"https:\/\/dn-agrar.eu\/ro\/investitori\/adunarea-generala-a-actionarilor\/?y=2021#content\">2021<\/a><\/div><\/div>\n\t\t\t\t\t\t<\/div>\n\t\t\t\t<\/div>\n\t\t\t\t<div class=\"elementor-element elementor-element-59ace2f elementor-grid-1 elementor-widget__width-inherit elementor-grid-tablet-1 elementor-grid-mobile-1 elementor-widget elementor-widget-loop-grid\" data-id=\"59ace2f\" data-element_type=\"widget\" data-e-type=\"widget\" data-settings=\"{&quot;template_id&quot;:2350,&quot;columns&quot;:1,&quot;pagination_type&quot;:&quot;load_more_on_click&quot;,&quot;row_gap&quot;:{&quot;unit&quot;:&quot;px&quot;,&quot;size&quot;:15,&quot;sizes&quot;:[]},&quot;columns_tablet&quot;:1,&quot;_skin&quot;:&quot;post&quot;,&quot;columns_mobile&quot;:&quot;1&quot;,&quot;edit_handle_selector&quot;:&quot;[data-elementor-type=\\&quot;loop-item\\&quot;]&quot;,&quot;load_more_spinner&quot;:{&quot;value&quot;:&quot;fas fa-spinner&quot;,&quot;library&quot;:&quot;fa-solid&quot;},&quot;row_gap_tablet&quot;:{&quot;unit&quot;:&quot;px&quot;,&quot;size&quot;:&quot;&quot;,&quot;sizes&quot;:[]},&quot;row_gap_mobile&quot;:{&quot;unit&quot;:&quot;px&quot;,&quot;size&quot;:&quot;&quot;,&quot;sizes&quot;:[]}}\" data-widget_type=\"loop-grid.post\">\n\t\t\t\t<div class=\"elementor-widget-container\">\n\t\t\t\t\t\t\t<div class=\"elementor-loop-container elementor-grid\" role=\"list\">\n\t\t<style id=\"loop-2350\">.elementor-2350 .elementor-element.elementor-element-9b00ec8{--display:flex;--flex-direction:column;--container-widget-width:100%;--container-widget-height:initial;--container-widget-flex-grow:0;--container-widget-align-self:initial;--flex-wrap-mobile:wrap;--margin-top:0px;--margin-bottom:0px;--margin-left:0px;--margin-right:0px;--padding-top:0px;--padding-bottom:0px;--padding-left:0px;--padding-right:0px;}.elementor-2350 .elementor-element.elementor-element-1cdf92e > .elementor-widget-container{margin:0px 0px 0px 0px;padding:0px 0px 0px 0px;}.elementor-2350 .elementor-element.elementor-element-1cdf92e{width:100%;max-width:100%;}<\/style>\t\t<div data-elementor-type=\"loop-item\" data-elementor-id=\"2350\" class=\"elementor elementor-2350 e-loop-item e-loop-item-10669 post-10669 agm type-agm status-publish has-post-thumbnail hentry agm-year-65\" data-elementor-post-type=\"elementor_library\" data-custom-edit-handle=\"1\">\n\t\t\t<div class=\"elementor-element elementor-element-9b00ec8 e-con-full e-flex e-con e-parent\" data-id=\"9b00ec8\" data-element_type=\"container\" data-e-type=\"container\">\n\t\t\t\t<div class=\"elementor-element elementor-element-1cdf92e elementor-widget__width-inherit elementor-widget elementor-widget-shortcode\" data-id=\"1cdf92e\" data-element_type=\"widget\" data-e-type=\"widget\" data-widget_type=\"shortcode.default\">\n\t\t\t\t<div class=\"elementor-widget-container\">\n\t\t\t\t\t\t\t<div class=\"elementor-shortcode\">    <div class=\"agm-accordion\">\n        <div class=\"agm-accordion-header\">\n            <div class=\"agm-title\">Adunarea General\u0103 Anual\u0103 Ordinar\u0103 a Ac\u021bionarilor DN AGRAR Group SA, din 28\/29.04.2026<\/div>\n                            <div class=\"agm-date\">28\/29.04.2026<\/div>\n                    <\/div>\n        \n        <div class=\"agm-accordion-content\">\n            <div class=\"agm-description\">\n                            <\/div>\n            <div class=\"agm-documents\"><div class=\"agm-document-item\"><a href=\"https:\/\/dn-agrar.eu\/wp-content\/uploads\/2026\/03\/DN-AGRAR_Convocator_AGOA_28.04.2026.pdf\" target=\"_blank\" class=\"agm-document-link\"><div class=\"document-icon\"><img decoding=\"async\" src=\"https:\/\/dn-agrar.eu\/assets\/images\/document-images\/pdf.png\" alt=\"pdf icon\"><\/div><span class=\"document-title\">Convocatorul Adun\u0103rii Generale Anuale Ordinare a Ac\u021bionarilor DN AGRAR Group SA din 28\/29.04.2026 <\/span><span class=\"document-info\">(PDF, 223 KB)<\/span><\/a><\/div><div class=\"agm-document-item\"><a href=\"https:\/\/dn-agrar.eu\/wp-content\/uploads\/2026\/03\/Procura_speciala_AGOA_28.04.2026.docx\" target=\"_blank\" class=\"agm-document-link\"><div class=\"document-icon\"><img decoding=\"async\" src=\"https:\/\/dn-agrar.eu\/assets\/images\/document-images\/docx.png\" alt=\"docx icon\"><\/div><span class=\"document-title\">Procur\u0103 special\u0103 AGOA 28\/29.04.2026 <\/span><span class=\"document-info\">(DOCX, 44 KB)<\/span><\/a><\/div><div class=\"agm-document-item\"><a href=\"https:\/\/dn-agrar.eu\/wp-content\/uploads\/2026\/03\/Buletin-de-vot-corespondenta-pt-actionari-AGOA_28.04.2026.docx\" target=\"_blank\" class=\"agm-document-link\"><div class=\"document-icon\"><img decoding=\"async\" src=\"https:\/\/dn-agrar.eu\/assets\/images\/document-images\/docx.png\" alt=\"docx icon\"><\/div><span class=\"document-title\">Buletin de vot prin coresponden\u021b\u0103 pentru ac\u021bionarii AGOA 28\/29.04.2026 <\/span><span class=\"document-info\">(DOCX, 37 KB)<\/span><\/a><\/div><div class=\"agm-document-item\"><a href=\"https:\/\/dn-agrar.eu\/wp-content\/uploads\/2026\/03\/Note-la-Situatiile-Financiare-Individuale_Group-31.12.2025.pdf\" target=\"_blank\" class=\"agm-document-link\"><div class=\"document-icon\"><img decoding=\"async\" src=\"https:\/\/dn-agrar.eu\/assets\/images\/document-images\/pdf.png\" alt=\"pdf icon\"><\/div><span class=\"document-title\">Note la situa\u021biile financiare individuale ale DN AGRAR GROUP SA 31.12.2025<\/span><span class=\"document-info\">(PDF, 491 KB)<\/span><\/a><\/div><div class=\"agm-document-item\"><a href=\"https:\/\/dn-agrar.eu\/wp-content\/uploads\/2026\/03\/DN-AGRAR_Situatii-Financiare-Consolidate-la-31.12.2025.pdf\" target=\"_blank\" class=\"agm-document-link\"><div class=\"document-icon\"><img decoding=\"async\" src=\"https:\/\/dn-agrar.eu\/assets\/images\/document-images\/pdf.png\" alt=\"pdf icon\"><\/div><span class=\"document-title\">Situa\u021biile financiare consolidate ale DN AGRAR Group SA la 31.12.2025<\/span><span class=\"document-info\">(PDF, 933 KB)<\/span><\/a><\/div><div class=\"agm-document-item\"><a href=\"https:\/\/dn-agrar.eu\/wp-content\/uploads\/2026\/03\/Bilant-2025-DN-AGRAR-Group-SA.pdf\" target=\"_blank\" class=\"agm-document-link\"><div class=\"document-icon\"><img decoding=\"async\" src=\"https:\/\/dn-agrar.eu\/assets\/images\/document-images\/pdf.png\" alt=\"pdf icon\"><\/div><span class=\"document-title\">Situa\u021biile financiare individuale ale DN AGRAR Group SA la 31.12.2025<\/span><span class=\"document-info\">(PDF, 284 KB)<\/span><\/a><\/div><div class=\"agm-document-item\"><a href=\"https:\/\/dn-agrar.eu\/wp-content\/uploads\/2026\/03\/RAPORT-ANUAL-2025-RO-1.pdf\" target=\"_blank\" class=\"agm-document-link\"><div class=\"document-icon\"><img decoding=\"async\" src=\"https:\/\/dn-agrar.eu\/assets\/images\/document-images\/pdf.png\" alt=\"pdf icon\"><\/div><span class=\"document-title\">Raport Anual 2025<\/span><span class=\"document-info\">(PDF, 178.2 MB)<\/span><\/a><\/div><div class=\"agm-document-item\"><a href=\"https:\/\/dn-agrar.eu\/wp-content\/uploads\/2026\/03\/Buget-de-Venituri-si-Cheltuieli-2026.pdf\" target=\"_blank\" class=\"agm-document-link\"><div class=\"document-icon\"><img decoding=\"async\" src=\"https:\/\/dn-agrar.eu\/assets\/images\/document-images\/pdf.png\" alt=\"pdf icon\"><\/div><span class=\"document-title\">Bugetul de Venituri \u0219i Cheltuieli 2026<\/span><span class=\"document-info\">(PDF, 162 KB)<\/span><\/a><\/div><\/div>        <\/div>\n    <\/div>\n    <\/div>\n\t\t\t\t\t\t<\/div>\n\t\t\t\t<\/div>\n\t\t\t\t<\/div>\n\t\t\t\t<\/div>\n\t\t\t\t<div data-elementor-type=\"loop-item\" data-elementor-id=\"2350\" class=\"elementor elementor-2350 e-loop-item e-loop-item-10672 post-10672 agm type-agm status-publish has-post-thumbnail hentry agm-year-65\" data-elementor-post-type=\"elementor_library\" data-custom-edit-handle=\"1\">\n\t\t\t<div class=\"elementor-element elementor-element-9b00ec8 e-con-full e-flex e-con e-parent\" data-id=\"9b00ec8\" data-element_type=\"container\" data-e-type=\"container\">\n\t\t\t\t<div class=\"elementor-element elementor-element-1cdf92e elementor-widget__width-inherit elementor-widget elementor-widget-shortcode\" data-id=\"1cdf92e\" data-element_type=\"widget\" data-e-type=\"widget\" data-widget_type=\"shortcode.default\">\n\t\t\t\t<div class=\"elementor-widget-container\">\n\t\t\t\t\t\t\t<div class=\"elementor-shortcode\">    <div class=\"agm-accordion\">\n        <div class=\"agm-accordion-header\">\n            <div class=\"agm-title\">Adunarea General\u0103 Extraordinar\u0103 a Ac\u021bionarilor DN Agrar Group S.A. din 28\/29.04.2026<\/div>\n                            <div class=\"agm-date\">28\/29.04.2026<\/div>\n                    <\/div>\n        \n        <div class=\"agm-accordion-content\">\n            <div class=\"agm-description\">\n                            <\/div>\n            <div class=\"agm-documents\"><div class=\"agm-document-item\"><a href=\"https:\/\/dn-agrar.eu\/wp-content\/uploads\/2026\/03\/DN-AGRAR_Convocator_AGEA_28.04.2026.pdf\" target=\"_blank\" class=\"agm-document-link\"><div class=\"document-icon\"><img decoding=\"async\" src=\"https:\/\/dn-agrar.eu\/assets\/images\/document-images\/pdf.png\" alt=\"pdf icon\"><\/div><span class=\"document-title\">Convocatorul Adun\u0103rii Generale Extraordinare a Ac\u021bionarilor societ\u0103\u021bii DN AGRAR Group SA din 28\/29.04.2026<\/span><span class=\"document-info\">(PDF, 220 KB)<\/span><\/a><\/div><div class=\"agm-document-item\"><a href=\"https:\/\/dn-agrar.eu\/wp-content\/uploads\/2026\/03\/Procura_speciala_AGEA_28.04.2026.docx\" target=\"_blank\" class=\"agm-document-link\"><div class=\"document-icon\"><img decoding=\"async\" src=\"https:\/\/dn-agrar.eu\/assets\/images\/document-images\/docx.png\" alt=\"docx icon\"><\/div><span class=\"document-title\">Procur\u0103 special\u0103 AGEA 28\/29.04.2026<\/span><span class=\"document-info\">(DOCX, 44 KB)<\/span><\/a><\/div><div class=\"agm-document-item\"><a href=\"https:\/\/dn-agrar.eu\/wp-content\/uploads\/2026\/03\/Buletin-de-vot-prin-corespondenta-pentru-actionari-AGEA_28.04.2026.docx\" target=\"_blank\" class=\"agm-document-link\"><div class=\"document-icon\"><img decoding=\"async\" src=\"https:\/\/dn-agrar.eu\/assets\/images\/document-images\/docx.png\" alt=\"docx icon\"><\/div><span class=\"document-title\">Buletin de vot prin coresponden\u021b\u0103 pentru ac\u021bionarii AGEA 28\/29.04.2026<\/span><span class=\"document-info\">(DOCX, 39 KB)<\/span><\/a><\/div><\/div>        <\/div>\n    <\/div>\n    <\/div>\n\t\t\t\t\t\t<\/div>\n\t\t\t\t<\/div>\n\t\t\t\t<\/div>\n\t\t\t\t<\/div>\n\t\t\t\t<div data-elementor-type=\"loop-item\" data-elementor-id=\"2350\" class=\"elementor elementor-2350 e-loop-item e-loop-item-9030 post-9030 agm type-agm status-publish has-post-thumbnail hentry agm-year-65\" data-elementor-post-type=\"elementor_library\" data-custom-edit-handle=\"1\">\n\t\t\t<div class=\"elementor-element elementor-element-9b00ec8 e-con-full e-flex e-con e-parent\" data-id=\"9b00ec8\" data-element_type=\"container\" data-e-type=\"container\">\n\t\t\t\t<div class=\"elementor-element elementor-element-1cdf92e elementor-widget__width-inherit elementor-widget elementor-widget-shortcode\" data-id=\"1cdf92e\" data-element_type=\"widget\" data-e-type=\"widget\" data-widget_type=\"shortcode.default\">\n\t\t\t\t<div class=\"elementor-widget-container\">\n\t\t\t\t\t\t\t<div class=\"elementor-shortcode\">    <div class=\"agm-accordion\">\n        <div class=\"agm-accordion-header\">\n            <div class=\"agm-title\">Adunarea General\u0103 Ordinar\u0103 a Ac\u021bionarilor DN AGRAR Group S.A. din 16\/17.01.2026<\/div>\n                            <div class=\"agm-date\">16\/17.01.2026<\/div>\n                    <\/div>\n        \n        <div class=\"agm-accordion-content\">\n            <div class=\"agm-description\">\n                <p><a href=\"https:\/\/youtu.be\/iLC1fF1HiWA\">VIDEO &#8211; \u00cenregistrare discu\u021bii online AGOA din 16.01.2026<\/a><\/p>\n            <\/div>\n            <div class=\"agm-documents\"><div class=\"agm-document-item\"><a href=\"https:\/\/dn-agrar.eu\/wp-content\/uploads\/2025\/12\/Convocator-AGOA_DN-AGRAR__16.01.2026.pdf\" target=\"_blank\" class=\"agm-document-link\"><div class=\"document-icon\"><img decoding=\"async\" src=\"https:\/\/dn-agrar.eu\/assets\/images\/document-images\/pdf.png\" alt=\"pdf icon\"><\/div><span class=\"document-title\">Convocatorul Adun\u0103rii Generale Anuale Ordinare a Ac\u021bionarilor DN Agrar Group S.A. din 16\/17.01.2026<\/span><span class=\"document-info\">(PDF, 117 KB)<\/span><\/a><\/div><div class=\"agm-document-item\"><a href=\"https:\/\/dn-agrar.eu\/wp-content\/uploads\/2026\/01\/Raport-curent-nr.-3-DN-AGRAR-GROUP-13-ianuarie-2026-ROMANA.pdf\" target=\"_blank\" class=\"agm-document-link\"><div class=\"document-icon\"><img decoding=\"async\" src=\"https:\/\/dn-agrar.eu\/assets\/images\/document-images\/pdf.png\" alt=\"pdf icon\"><\/div><span class=\"document-title\">Participare online la discu\u021biile Adun\u0103rii Generale Ordinare a Ac\u021bionarilor din 16\/17.01.2026<\/span><span class=\"document-info\">(PDF, 296 KB)<\/span><\/a><\/div><div class=\"agm-document-item\"><a href=\"https:\/\/dn-agrar.eu\/wp-content\/uploads\/2025\/12\/Procura_speciala_AGOA_16.01.2026.docx\" target=\"_blank\" class=\"agm-document-link\"><div class=\"document-icon\"><img decoding=\"async\" src=\"https:\/\/dn-agrar.eu\/assets\/images\/document-images\/docx.png\" alt=\"docx icon\"><\/div><span class=\"document-title\">Procura speciala AGOA 16.01.2026<\/span><span class=\"document-info\">(DOCX, 45 KB)<\/span><\/a><\/div><div class=\"agm-document-item\"><a href=\"https:\/\/dn-agrar.eu\/wp-content\/uploads\/2025\/12\/Buletin-de-vot-corespondenta-pt-actionari-AGOA_16.01.2026.docx\" target=\"_blank\" class=\"agm-document-link\"><div class=\"document-icon\"><img decoding=\"async\" src=\"https:\/\/dn-agrar.eu\/assets\/images\/document-images\/docx.png\" alt=\"docx icon\"><\/div><span class=\"document-title\">Buletin de vot prin coresponden\u021b\u0103 pentru ac\u021bionarii AGOA 16.01.2026<\/span><span class=\"document-info\">(DOCX, 40 KB)<\/span><\/a><\/div><div class=\"agm-document-item\"><a href=\"https:\/\/dn-agrar.eu\/wp-content\/uploads\/2026\/01\/Decizii-AGOA-din-16.01.2026.pdf\" target=\"_blank\" class=\"agm-document-link\"><div class=\"document-icon\"><img decoding=\"async\" src=\"https:\/\/dn-agrar.eu\/assets\/images\/document-images\/pdf.png\" alt=\"pdf icon\"><\/div><span class=\"document-title\">Hot\u0103r\u00e2ri AGOA 16.01.2026<\/span><span class=\"document-info\">(PDF, 1.6 MB)<\/span><\/a><\/div><div class=\"agm-document-item\"><a href=\"https:\/\/dn-agrar.eu\/wp-content\/uploads\/2026\/01\/DN-AGRAR_Presentation-during-AGOA-16.01.2026.pdf\" target=\"_blank\" class=\"agm-document-link\"><div class=\"document-icon\"><img decoding=\"async\" src=\"https:\/\/dn-agrar.eu\/assets\/images\/document-images\/pdf.png\" alt=\"pdf icon\"><\/div><span class=\"document-title\">Prezentare DN AGRAR din cadrul AGOA 16.01.2026<\/span><span class=\"document-info\">(PDF, 1.2 MB)<\/span><\/a><\/div><\/div>        <\/div>\n    <\/div>\n    <\/div>\n\t\t\t\t\t\t<\/div>\n\t\t\t\t<\/div>\n\t\t\t\t<\/div>\n\t\t\t\t<\/div>\n\t\t\t\t<div data-elementor-type=\"loop-item\" data-elementor-id=\"2350\" class=\"elementor elementor-2350 e-loop-item e-loop-item-10731 post-10731 agm type-agm status-publish has-post-thumbnail hentry agm-year-65\" data-elementor-post-type=\"elementor_library\" data-custom-edit-handle=\"1\">\n\t\t\t<div class=\"elementor-element elementor-element-9b00ec8 e-con-full e-flex e-con e-parent\" data-id=\"9b00ec8\" data-element_type=\"container\" data-e-type=\"container\">\n\t\t\t\t<div class=\"elementor-element elementor-element-1cdf92e elementor-widget__width-inherit elementor-widget elementor-widget-shortcode\" data-id=\"1cdf92e\" data-element_type=\"widget\" data-e-type=\"widget\" data-widget_type=\"shortcode.default\">\n\t\t\t\t<div class=\"elementor-widget-container\">\n\t\t\t\t\t\t\t<div class=\"elementor-shortcode\">    <div class=\"agm-accordion\">\n        <div class=\"agm-accordion-header\">\n            <div class=\"agm-title\">Situa\u021bii financiare consolidate 2026<\/div>\n                    <\/div>\n        \n        <div class=\"agm-accordion-content\">\n            <div class=\"agm-description\">\n                            <\/div>\n            <div class=\"agm-documents\"><div class=\"agm-document-item\"><a href=\"https:\/\/dn-agrar.eu\/wp-content\/uploads\/2026\/03\/Bugetul-de-Venituri-si-Cheltuieli-2026.pdf\" target=\"_blank\" class=\"agm-document-link\"><div class=\"document-icon\"><img decoding=\"async\" src=\"https:\/\/dn-agrar.eu\/assets\/images\/document-images\/pdf.png\" alt=\"pdf icon\"><\/div><span class=\"document-title\">Bugetul de Venituri \u0219i Cheltuieli 2026<\/span><span class=\"document-info\">(PDF, 205 KB)<\/span><\/a><\/div><\/div>        <\/div>\n    <\/div>\n    <\/div>\n\t\t\t\t\t\t<\/div>\n\t\t\t\t<\/div>\n\t\t\t\t<\/div>\n\t\t\t\t<\/div>\n\t\t\t\t<\/div>\n\t\t\t\t\t<span class=\"e-load-more-spinner\">\n\t\t\t\t<svg aria-hidden=\"true\" class=\"e-font-icon-svg e-fas-spinner\" viewBox=\"0 0 512 512\" xmlns=\"http:\/\/www.w3.org\/2000\/svg\"><path d=\"M304 48c0 26.51-21.49 48-48 48s-48-21.49-48-48 21.49-48 48-48 48 21.49 48 48zm-48 368c-26.51 0-48 21.49-48 48s21.49 48 48 48 48-21.49 48-48-21.49-48-48-48zm208-208c-26.51 0-48 21.49-48 48s21.49 48 48 48 48-21.49 48-48-21.49-48-48-48zM96 256c0-26.51-21.49-48-48-48S0 229.49 0 256s21.49 48 48 48 48-21.49 48-48zm12.922 99.078c-26.51 0-48 21.49-48 48s21.49 48 48 48 48-21.49 48-48c0-26.509-21.491-48-48-48zm294.156 0c-26.51 0-48 21.49-48 48s21.49 48 48 48 48-21.49 48-48c0-26.509-21.49-48-48-48zM108.922 60.922c-26.51 0-48 21.49-48 48s21.49 48 48 48 48-21.49 48-48-21.491-48-48-48z\"><\/path><\/svg>\t\t\t<\/span>\n\t\t\n\t\t\t\t\t\t<\/div>\n\t\t\t\t<\/div>\n\t\t\t\t\t<\/div>\n\t\t\t\t<\/div>\n\t\t\t\t<\/div>\n\t\t","protected":false},"excerpt":{"rendered":"","protected":false},"author":1,"featured_media":3196,"parent":5155,"menu_order":0,"comment_status":"closed","ping_status":"closed","template":"","meta":{"_acf_changed":false,"footnotes":""},"tags":[114],"class_list":["post-5141","page","type-page","status-publish","has-post-thumbnail","hentry","tag-investors_pages-ro"],"acf":[],"_links":{"self":[{"href":"https:\/\/dn-agrar.eu\/ro\/wp-json\/wp\/v2\/pages\/5141","targetHints":{"allow":["GET"]}}],"collection":[{"href":"https:\/\/dn-agrar.eu\/ro\/wp-json\/wp\/v2\/pages"}],"about":[{"href":"https:\/\/dn-agrar.eu\/ro\/wp-json\/wp\/v2\/types\/page"}],"author":[{"embeddable":true,"href":"https:\/\/dn-agrar.eu\/ro\/wp-json\/wp\/v2\/users\/1"}],"replies":[{"embeddable":true,"href":"https:\/\/dn-agrar.eu\/ro\/wp-json\/wp\/v2\/comments?post=5141"}],"version-history":[{"count":5,"href":"https:\/\/dn-agrar.eu\/ro\/wp-json\/wp\/v2\/pages\/5141\/revisions"}],"predecessor-version":[{"id":10746,"href":"https:\/\/dn-agrar.eu\/ro\/wp-json\/wp\/v2\/pages\/5141\/revisions\/10746"}],"up":[{"embeddable":true,"href":"https:\/\/dn-agrar.eu\/ro\/wp-json\/wp\/v2\/pages\/5155"}],"wp:featuredmedia":[{"embeddable":true,"href":"https:\/\/dn-agrar.eu\/ro\/wp-json\/wp\/v2\/media\/3196"}],"wp:attachment":[{"href":"https:\/\/dn-agrar.eu\/ro\/wp-json\/wp\/v2\/media?parent=5141"}],"wp:term":[{"taxonomy":"post_tag","embeddable":true,"href":"https:\/\/dn-agrar.eu\/ro\/wp-json\/wp\/v2\/tags?post=5141"}],"curies":[{"name":"wp","href":"https:\/\/api.w.org\/{rel}","templated":true}]}}