{"id":5136,"date":"2025-03-07T12:19:57","date_gmt":"2025-03-07T10:19:57","guid":{"rendered":"https:\/\/dn-agrar.eu\/?page_id=5136"},"modified":"2026-03-16T14:49:09","modified_gmt":"2026-03-16T12:49:09","slug":"actiuni","status":"publish","type":"page","link":"https:\/\/dn-agrar.eu\/ro\/investitori\/actiuni\/","title":{"rendered":"Ac\u021biuni"},"content":{"rendered":"\t\t<div data-elementor-type=\"wp-page\" data-elementor-id=\"5136\" class=\"elementor elementor-5136 elementor-1092\" data-elementor-post-type=\"page\">\n\t\t\t\t<div class=\"elementor-element elementor-element-658efae0 e-flex e-con-boxed e-con e-parent\" data-id=\"658efae0\" data-element_type=\"container\" data-e-type=\"container\">\n\t\t\t\t\t<div class=\"e-con-inner\">\n\t\t<div class=\"elementor-element elementor-element-45c555c9 e-con-full e-flex e-con e-child\" data-id=\"45c555c9\" data-element_type=\"container\" data-e-type=\"container\">\n\t\t\t\t<div class=\"elementor-element elementor-element-ad15e3a e-n-tabs-mobile elementor-widget elementor-widget-n-tabs\" data-id=\"ad15e3a\" data-element_type=\"widget\" data-e-type=\"widget\" data-settings=\"{&quot;horizontal_scroll&quot;:&quot;disable&quot;}\" data-widget_type=\"nested-tabs.default\">\n\t\t\t\t<div class=\"elementor-widget-container\">\n\t\t\t\t\t\t\t<div class=\"e-n-tabs\" data-widget-number=\"181493306\" aria-label=\"File. Deschizi elementele cu tasta Enter sau Spa\u021biu, le \u00eenchizi cu Esc \u0219i navighezi folosind tastele s\u0103ge\u021bi.\">\n\t\t\t<div class=\"e-n-tabs-heading\" role=\"tablist\">\n\t\t\t\t\t<button id=\"e-n-tab-title-1814933061\" data-tab-title-id=\"e-n-tab-title-1814933061\" class=\"e-n-tab-title\" aria-selected=\"true\" data-tab-index=\"1\" role=\"tab\" tabindex=\"0\" aria-controls=\"e-n-tab-content-1814933061\" style=\"--n-tabs-title-order: 1;\">\n\t\t\t\t\t\t<span class=\"e-n-tab-title-text\">\n\t\t\t\tGrafice\t\t\t<\/span>\n\t\t<\/button>\n\t\t\t\t<button id=\"e-n-tab-title-1814933062\" data-tab-title-id=\"e-n-tab-title-1814933062\" class=\"e-n-tab-title\" aria-selected=\"false\" data-tab-index=\"2\" role=\"tab\" tabindex=\"-1\" aria-controls=\"e-n-tab-content-1814933062\" style=\"--n-tabs-title-order: 2;\">\n\t\t\t\t\t\t<span class=\"e-n-tab-title-text\">\n\t\t\t\tSerie\t\t\t<\/span>\n\t\t<\/button>\n\t\t\t\t<button id=\"e-n-tab-title-1814933063\" data-tab-title-id=\"e-n-tab-title-1814933063\" class=\"e-n-tab-title\" aria-selected=\"false\" data-tab-index=\"3\" role=\"tab\" tabindex=\"-1\" aria-controls=\"e-n-tab-content-1814933063\" style=\"--n-tabs-title-order: 3;\">\n\t\t\t\t\t\t<span class=\"e-n-tab-title-text\">\n\t\t\t\tFragmentare\t\t\t<\/span>\n\t\t<\/button>\n\t\t\t\t<button id=\"e-n-tab-title-1814933064\" data-tab-title-id=\"e-n-tab-title-1814933064\" class=\"e-n-tab-title\" aria-selected=\"false\" data-tab-index=\"4\" role=\"tab\" tabindex=\"-1\" aria-controls=\"e-n-tab-content-1814933064\" style=\"--n-tabs-title-order: 4;\">\n\t\t\t\t\t\t<span class=\"e-n-tab-title-text\">\n\t\t\t\tCalculator de investi\u021bii\t\t\t<\/span>\n\t\t<\/button>\n\t\t\t\t<button id=\"e-n-tab-title-1814933065\" data-tab-title-id=\"e-n-tab-title-1814933065\" class=\"e-n-tab-title\" aria-selected=\"false\" data-tab-index=\"5\" role=\"tab\" tabindex=\"-1\" aria-controls=\"e-n-tab-content-1814933065\" style=\"--n-tabs-title-order: 5;\">\n\t\t\t\t\t\t<span class=\"e-n-tab-title-text\">\n\t\t\t\tRat\u0103 de rentabilitate\t\t\t<\/span>\n\t\t<\/button>\n\t\t\t\t<button id=\"e-n-tab-title-1814933066\" data-tab-title-id=\"e-n-tab-title-1814933066\" class=\"e-n-tab-title\" aria-selected=\"false\" data-tab-index=\"6\" role=\"tab\" tabindex=\"-1\" aria-controls=\"e-n-tab-content-1814933066\" style=\"--n-tabs-title-order: 6;\">\n\t\t\t\t\t\t<span class=\"e-n-tab-title-text\">\n\t\t\t\t Analiz\u0103 interactiv\u0103\t\t\t<\/span>\n\t\t<\/button>\n\t\t\t\t<button id=\"e-n-tab-title-1814933067\" data-tab-title-id=\"e-n-tab-title-1814933067\" class=\"e-n-tab-title\" aria-selected=\"false\" data-tab-index=\"7\" role=\"tab\" tabindex=\"-1\" aria-controls=\"e-n-tab-content-1814933067\" style=\"--n-tabs-title-order: 7;\">\n\t\t\t\t\t\t<span class=\"e-n-tab-title-text\">\n\t\t\t\tFi\u0219\u0103 informativ\u0103\t\t\t<\/span>\n\t\t<\/button>\n\t\t\t\t\t<\/div>\n\t\t\t<div class=\"e-n-tabs-content\">\n\t\t\t\t<div id=\"e-n-tab-content-1814933061\" role=\"tabpanel\" aria-labelledby=\"e-n-tab-title-1814933061\" data-tab-index=\"1\" style=\"--n-tabs-title-order: 1;\" class=\"e-active elementor-element elementor-element-596144b e-con-full e-flex e-con e-child\" data-id=\"596144b\" data-element_type=\"container\" data-e-type=\"container\">\n\t\t\t\t<div class=\"elementor-element elementor-element-443ab6e elementor-widget elementor-widget-html\" data-id=\"443ab6e\" data-element_type=\"widget\" data-e-type=\"widget\" data-widget_type=\"html.default\">\n\t\t\t\t<div class=\"elementor-widget-container\">\n\t\t\t\t\t    <iframe id=\"EurolandShareGraph\" class=\"EurolandTool\" src=\"https:\/\/tools.eurolandir.com\/sharegraph\/?s=2678&amp;companycode=ro-dn&amp;lang=ro-ro\" width=\"100%\" height=\"500\" frameborder=\"0\" scrolling=\"no\"><span style=\"display: inline-block; width: 0px; overflow: hidden; line-height: 0;\" data-mce-type=\"bookmark\" class=\"mce_SELRES_start\">\ufeff<\/span><\/iframe>\n\n<script type=\"text\/javascript\">\n   EurolandToolIntegrationObject.set('EurolandShareGraph');\n<\/script>\t\t\t\t<\/div>\n\t\t\t\t<\/div>\n\t\t\t\t<\/div>\n\t\t<div id=\"e-n-tab-content-1814933062\" role=\"tabpanel\" aria-labelledby=\"e-n-tab-title-1814933062\" data-tab-index=\"2\" style=\"--n-tabs-title-order: 2;\" class=\" elementor-element elementor-element-1d3cb2a e-con-full e-flex e-con e-child\" data-id=\"1d3cb2a\" data-element_type=\"container\" data-e-type=\"container\">\n\t\t\t\t<div class=\"elementor-element elementor-element-159dd17 elementor-widget elementor-widget-html\" data-id=\"159dd17\" data-element_type=\"widget\" data-e-type=\"widget\" data-widget_type=\"html.default\">\n\t\t\t\t<div class=\"elementor-widget-container\">\n\t\t\t\t\t<iframe id=\"EurolandShareSeries\" src=\"https:\/\/tools.eurolandir.com\/tools\/shareseries\/?companycode=ro-dn&amp;lang=ro-ro\" width=\"100%\" height=\"500\" frameborder=\"0\" scrolling=\"no\"><span style=\"display: inline-block; width: 0px; overflow: hidden; line-height: 0;\" data-mce-type=\"bookmark\" class=\"mce_SELRES_start\">\ufeff<\/span><\/iframe>\n\n<script type=\"text\/javascript\">\n   EurolandToolIntegrationObject.set('EurolandShareSeries');\n<\/script>\t\t\t\t<\/div>\n\t\t\t\t<\/div>\n\t\t\t\t<\/div>\n\t\t<div id=\"e-n-tab-content-1814933063\" role=\"tabpanel\" aria-labelledby=\"e-n-tab-title-1814933063\" data-tab-index=\"3\" style=\"--n-tabs-title-order: 3;\" class=\" elementor-element elementor-element-2adfdf5 e-con-full e-flex e-con e-child\" data-id=\"2adfdf5\" data-element_type=\"container\" data-e-type=\"container\">\n\t\t\t\t<div class=\"elementor-element elementor-element-bdc699d elementor-widget elementor-widget-html\" data-id=\"bdc699d\" data-element_type=\"widget\" data-e-type=\"widget\" data-widget_type=\"html.default\">\n\t\t\t\t<div class=\"elementor-widget-container\">\n\t\t\t\t\t<iframe id=\"EurolandFragulizer\" src=\"https:\/\/tools.eurolandir.com\/tools\/fragulizer\/?companycode=ro-dn&amp;lang=ro-ro\" width=\"100%\" height=\"500\" frameborder=\"0\" scrolling=\"no\"><span style=\"display: inline-block; width: 0px; overflow: hidden; line-height: 0;\" data-mce-type=\"bookmark\" class=\"mce_SELRES_start\">\ufeff<\/span><\/iframe>\n\n<script type=\"text\/javascript\">\n   EurolandToolIntegrationObject.set('EurolandFragulizer');\n<\/script>\t\t\t\t<\/div>\n\t\t\t\t<\/div>\n\t\t\t\t<\/div>\n\t\t<div id=\"e-n-tab-content-1814933064\" role=\"tabpanel\" aria-labelledby=\"e-n-tab-title-1814933064\" data-tab-index=\"4\" style=\"--n-tabs-title-order: 4;\" class=\" elementor-element elementor-element-93cfe61 e-con-full e-flex e-con e-child\" data-id=\"93cfe61\" data-element_type=\"container\" data-e-type=\"container\">\n\t\t\t\t<div class=\"elementor-element elementor-element-1aa84ac elementor-widget elementor-widget-html\" data-id=\"1aa84ac\" data-element_type=\"widget\" data-e-type=\"widget\" data-widget_type=\"html.default\">\n\t\t\t\t<div class=\"elementor-widget-container\">\n\t\t\t\t\t<iframe id=\"EurolandInvestment\" src=\"https:\/\/tools.eurolandir.com\/tools\/investmentcal2\/?companycode=ro-dn&amp;lang=ro-ro\" width=\"100%\" height=\"500\" frameborder=\"0\" scrolling=\"no\"><span style=\"display: inline-block; width: 0px; overflow: hidden; line-height: 0;\" data-mce-type=\"bookmark\" class=\"mce_SELRES_start\">\ufeff<\/span><\/iframe>\n\n<script type=\"text\/javascript\">\n   EurolandToolIntegrationObject.set('EurolandInvestment');\n<\/script>\t\t\t\t<\/div>\n\t\t\t\t<\/div>\n\t\t\t\t<\/div>\n\t\t<div id=\"e-n-tab-content-1814933065\" role=\"tabpanel\" aria-labelledby=\"e-n-tab-title-1814933065\" data-tab-index=\"5\" style=\"--n-tabs-title-order: 5;\" class=\" elementor-element elementor-element-5abeac9 e-con-full e-flex e-con e-child\" data-id=\"5abeac9\" data-element_type=\"container\" data-e-type=\"container\">\n\t\t\t\t<div class=\"elementor-element elementor-element-8ec32ef elementor-widget elementor-widget-html\" data-id=\"8ec32ef\" data-element_type=\"widget\" data-e-type=\"widget\" data-widget_type=\"html.default\">\n\t\t\t\t<div class=\"elementor-widget-container\">\n\t\t\t\t\t<iframe id=\"EurolandShareholderReturn\" src=\"https:\/\/tools.eurolandir.com\/tools\/TSR\/iframe\/?companycode=ro-dn&amp;lang=ro-ro\" width=\"100%\" height=\"500\" frameborder=\"0\" scrolling=\"no\"><span style=\"display: inline-block; width: 0px; overflow: hidden; line-height: 0;\" data-mce-type=\"bookmark\" class=\"mce_SELRES_start\">\ufeff<\/span><\/iframe>\n\n<script type=\"text\/javascript\">\n   EurolandToolIntegrationObject.set('EurolandShareholderReturn');\n<\/script>\t\t\t\t<\/div>\n\t\t\t\t<\/div>\n\t\t\t\t<\/div>\n\t\t<div id=\"e-n-tab-content-1814933066\" role=\"tabpanel\" aria-labelledby=\"e-n-tab-title-1814933066\" data-tab-index=\"6\" style=\"--n-tabs-title-order: 6;\" class=\" elementor-element elementor-element-d9c433d e-con-full e-flex e-con e-child\" data-id=\"d9c433d\" data-element_type=\"container\" data-e-type=\"container\">\n\t\t\t\t<div class=\"elementor-element elementor-element-86717bd elementor-widget elementor-widget-html\" data-id=\"86717bd\" data-element_type=\"widget\" data-e-type=\"widget\" data-widget_type=\"html.default\">\n\t\t\t\t<div class=\"elementor-widget-container\">\n\t\t\t\t\t<iframe id=\"EurolandAnalysisTool\" src=\"https:\/\/tools.eurolandir.com\/tools\/ia\/?companycode=ro-dn&amp;lang=ro-ro\" width=\"100%\" height=\"500\" frameborder=\"0\" scrolling=\"no\"><span style=\"display: inline-block; width: 0px; overflow: hidden; line-height: 0;\" data-mce-type=\"bookmark\" class=\"mce_SELRES_start\">\ufeff<\/span><\/iframe>\n\n<script type=\"text\/javascript\">\n   EurolandToolIntegrationObject.set('EurolandAnalysisTool');\n<\/script>\t\t\t\t<\/div>\n\t\t\t\t<\/div>\n\t\t\t\t<\/div>\n\t\t<div id=\"e-n-tab-content-1814933067\" role=\"tabpanel\" aria-labelledby=\"e-n-tab-title-1814933067\" data-tab-index=\"7\" style=\"--n-tabs-title-order: 7;\" class=\" elementor-element elementor-element-9f1e1f1 e-con-full e-flex e-con e-child\" data-id=\"9f1e1f1\" data-element_type=\"container\" data-e-type=\"container\">\n\t\t\t\t<div class=\"elementor-element elementor-element-9841d61 elementor-widget elementor-widget-html\" data-id=\"9841d61\" data-element_type=\"widget\" data-e-type=\"widget\" data-widget_type=\"html.default\">\n\t\t\t\t<div class=\"elementor-widget-container\">\n\t\t\t\t\t<iframe id=\"EurolandFactSheet\" src=\"https:\/\/tools.euroland.com\/factsheet\/ro-dn\/factsheethtmlromanian.asp?lang=english\" width=\"100%\" height=\"500\" frameborder=\"0\" scrolling=\"no\"><span style=\"display: inline-block; width: 0px; overflow: hidden; line-height: 0;\" data-mce-type=\"bookmark\" class=\"mce_SELRES_start\">\ufeff<\/span><\/iframe>\n\n<script type=\"text\/javascript\">\n   EurolandToolIntegrationObject.set('EurolandFactSheet');\n<\/script>\t\t\t\t<\/div>\n\t\t\t\t<\/div>\n\t\t\t\t<\/div>\n\t\t\t\t\t<\/div>\n\t\t<\/div>\n\t\t\t\t\t\t<\/div>\n\t\t\t\t<\/div>\n\t\t<div class=\"elementor-element elementor-element-af52c81 e-con-full e-flex e-con e-child\" data-id=\"af52c81\" data-element_type=\"container\" data-e-type=\"container\" data-settings=\"{&quot;background_background&quot;:&quot;classic&quot;}\">\n\t\t<div class=\"elementor-element elementor-element-1081a64 e-con-full e-flex e-con e-child\" data-id=\"1081a64\" data-element_type=\"container\" data-e-type=\"container\" data-settings=\"{&quot;background_background&quot;:&quot;classic&quot;}\">\n\t\t\t\t<\/div>\n\t\t<div class=\"elementor-element elementor-element-721c089 e-con-full e-flex e-con e-child\" data-id=\"721c089\" data-element_type=\"container\" data-e-type=\"container\">\n\t\t\t\t<div class=\"elementor-element elementor-element-7ac3a7e elementor-widget elementor-widget-heading\" data-id=\"7ac3a7e\" data-element_type=\"widget\" data-e-type=\"widget\" data-widget_type=\"heading.default\">\n\t\t\t\t<div class=\"elementor-widget-container\">\n\t\t\t\t\t<span class=\"elementor-heading-title elementor-size-default\">Contact pentru rela\u021bii cu investitorii<\/span>\t\t\t\t<\/div>\n\t\t\t\t<\/div>\n\t\t\t\t<div class=\"elementor-element elementor-element-ce3c540 elementor-widget elementor-widget-heading\" data-id=\"ce3c540\" data-element_type=\"widget\" data-e-type=\"widget\" data-widget_type=\"heading.default\">\n\t\t\t\t<div class=\"elementor-widget-container\">\n\t\t\t\t\t<span class=\"elementor-heading-title elementor-size-default\">Peter de Boer<\/span>\t\t\t\t<\/div>\n\t\t\t\t<\/div>\n\t\t\t\t<div class=\"elementor-element elementor-element-beb760f elementor-widget elementor-widget-heading\" data-id=\"beb760f\" data-element_type=\"widget\" data-e-type=\"widget\" data-widget_type=\"heading.default\">\n\t\t\t\t<div class=\"elementor-widget-container\">\n\t\t\t\t\t<span class=\"elementor-heading-title elementor-size-default\">CEO &amp; Membru CA DN AGRAR Group<\/span>\t\t\t\t<\/div>\n\t\t\t\t<\/div>\n\t\t<div class=\"elementor-element elementor-element-e822e4c e-con-full e-flex e-con e-child\" data-id=\"e822e4c\" data-element_type=\"container\" data-e-type=\"container\">\n\t\t<div class=\"elementor-element elementor-element-a77fe77 e-con-full e-flex e-con e-child\" data-id=\"a77fe77\" data-element_type=\"container\" data-e-type=\"container\">\n\t\t\t\t<div class=\"elementor-element elementor-element-a7f1c50 elementor-widget__width-auto elementor-view-default elementor-widget elementor-widget-icon\" data-id=\"a7f1c50\" data-element_type=\"widget\" data-e-type=\"widget\" data-widget_type=\"icon.default\">\n\t\t\t\t<div class=\"elementor-widget-container\">\n\t\t\t\t\t\t\t<div class=\"elementor-icon-wrapper\">\n\t\t\t<div class=\"elementor-icon\">\n\t\t\t<svg aria-hidden=\"true\" class=\"e-font-icon-svg e-fas-envelope\" viewBox=\"0 0 512 512\" xmlns=\"http:\/\/www.w3.org\/2000\/svg\"><path d=\"M502.3 190.8c3.9-3.1 9.7-.2 9.7 4.7V400c0 26.5-21.5 48-48 48H48c-26.5 0-48-21.5-48-48V195.6c0-5 5.7-7.8 9.7-4.7 22.4 17.4 52.1 39.5 154.1 113.6 21.1 15.4 56.7 47.8 92.2 47.6 35.7.3 72-32.8 92.3-47.6 102-74.1 131.6-96.3 154-113.7zM256 320c23.2.4 56.6-29.2 73.4-41.4 132.7-96.3 142.8-104.7 173.4-128.7 5.8-4.5 9.2-11.5 9.2-18.9v-19c0-26.5-21.5-48-48-48H48C21.5 64 0 85.5 0 112v19c0 7.4 3.4 14.3 9.2 18.9 30.6 23.9 40.7 32.4 173.4 128.7 16.8 12.2 50.2 41.8 73.4 41.4z\"><\/path><\/svg>\t\t\t<\/div>\n\t\t<\/div>\n\t\t\t\t\t\t<\/div>\n\t\t\t\t<\/div>\n\t\t\t\t<div class=\"elementor-element elementor-element-38a6362 elementor-widget elementor-widget-heading\" data-id=\"38a6362\" data-element_type=\"widget\" data-e-type=\"widget\" data-widget_type=\"heading.default\">\n\t\t\t\t<div class=\"elementor-widget-container\">\n\t\t\t\t\t<span class=\"elementor-heading-title elementor-size-default\">investors@dn-agrar.eu<\/span>\t\t\t\t<\/div>\n\t\t\t\t<\/div>\n\t\t\t\t<\/div>\n\t\t<div class=\"elementor-element elementor-element-7bf1aea e-con-full e-flex e-con e-child\" data-id=\"7bf1aea\" data-element_type=\"container\" data-e-type=\"container\">\n\t\t\t\t<div class=\"elementor-element elementor-element-1800917 elementor-widget__width-auto elementor-view-default elementor-widget elementor-widget-icon\" data-id=\"1800917\" data-element_type=\"widget\" data-e-type=\"widget\" data-widget_type=\"icon.default\">\n\t\t\t\t<div class=\"elementor-widget-container\">\n\t\t\t\t\t\t\t<div class=\"elementor-icon-wrapper\">\n\t\t\t<div class=\"elementor-icon\">\n\t\t\t<svg aria-hidden=\"true\" class=\"e-font-icon-svg e-fas-phone-alt\" viewBox=\"0 0 512 512\" xmlns=\"http:\/\/www.w3.org\/2000\/svg\"><path d=\"M497.39 361.8l-112-48a24 24 0 0 0-28 6.9l-49.6 60.6A370.66 370.66 0 0 1 130.6 204.11l60.6-49.6a23.94 23.94 0 0 0 6.9-28l-48-112A24.16 24.16 0 0 0 122.6.61l-104 24A24 24 0 0 0 0 48c0 256.5 207.9 464 464 464a24 24 0 0 0 23.4-18.6l24-104a24.29 24.29 0 0 0-14.01-27.6z\"><\/path><\/svg>\t\t\t<\/div>\n\t\t<\/div>\n\t\t\t\t\t\t<\/div>\n\t\t\t\t<\/div>\n\t\t\t\t<div class=\"elementor-element elementor-element-f781d90 elementor-widget elementor-widget-heading\" data-id=\"f781d90\" data-element_type=\"widget\" data-e-type=\"widget\" data-widget_type=\"heading.default\">\n\t\t\t\t<div class=\"elementor-widget-container\">\n\t\t\t\t\t<span class=\"elementor-heading-title elementor-size-default\">(+4) 0258 818 115<\/span>\t\t\t\t<\/div>\n\t\t\t\t<\/div>\n\t\t\t\t<\/div>\n\t\t\t\t<\/div>\n\t\t\t\t<\/div>\n\t\t\t\t<\/div>\n\t\t\t\t<\/div>\n\t\t\t\t\t<\/div>\n\t\t\t\t<\/div>\n\t\t\t\t<\/div>\n\t\t","protected":false},"excerpt":{"rendered":"<p>Grafice Serie Fragmentare Calculator de investi\u021bii Rat\u0103 de rentabilitate Analiz\u0103 interactiv\u0103 Fi\u0219\u0103 informativ\u0103 \ufeff \ufeff \ufeff \ufeff \ufeff \ufeff \ufeff \ufeff \ufeff \ufeff \ufeff \ufeff \ufeff \ufeff Contact pentru rela\u021bii cu investitorii Peter de Boer CEO &amp; Membru CA DN AGRAR Group investors@dn-agrar.eu (+4) 0258 818 115<\/p>\n","protected":false},"author":1,"featured_media":2785,"parent":5155,"menu_order":0,"comment_status":"closed","ping_status":"closed","template":"","meta":{"_acf_changed":false,"footnotes":""},"tags":[114],"class_list":["post-5136","page","type-page","status-publish","has-post-thumbnail","hentry","tag-investors_pages-ro"],"acf":[],"_links":{"self":[{"href":"https:\/\/dn-agrar.eu\/ro\/wp-json\/wp\/v2\/pages\/5136","targetHints":{"allow":["GET"]}}],"collection":[{"href":"https:\/\/dn-agrar.eu\/ro\/wp-json\/wp\/v2\/pages"}],"about":[{"href":"https:\/\/dn-agrar.eu\/ro\/wp-json\/wp\/v2\/types\/page"}],"author":[{"embeddable":true,"href":"https:\/\/dn-agrar.eu\/ro\/wp-json\/wp\/v2\/users\/1"}],"replies":[{"embeddable":true,"href":"https:\/\/dn-agrar.eu\/ro\/wp-json\/wp\/v2\/comments?post=5136"}],"version-history":[{"count":5,"href":"https:\/\/dn-agrar.eu\/ro\/wp-json\/wp\/v2\/pages\/5136\/revisions"}],"predecessor-version":[{"id":10640,"href":"https:\/\/dn-agrar.eu\/ro\/wp-json\/wp\/v2\/pages\/5136\/revisions\/10640"}],"up":[{"embeddable":true,"href":"https:\/\/dn-agrar.eu\/ro\/wp-json\/wp\/v2\/pages\/5155"}],"wp:featuredmedia":[{"embeddable":true,"href":"https:\/\/dn-agrar.eu\/ro\/wp-json\/wp\/v2\/media\/2785"}],"wp:attachment":[{"href":"https:\/\/dn-agrar.eu\/ro\/wp-json\/wp\/v2\/media?parent=5136"}],"wp:term":[{"taxonomy":"post_tag","embeddable":true,"href":"https:\/\/dn-agrar.eu\/ro\/wp-json\/wp\/v2\/tags?post=5136"}],"curies":[{"name":"wp","href":"https:\/\/api.w.org\/{rel}","templated":true}]}}